{"id":2477,"date":"2014-03-06T09:57:04","date_gmt":"2014-03-06T08:57:04","guid":{"rendered":"https:\/\/www.venetanastri.test\/azienda\/"},"modified":"2021-08-04T12:04:34","modified_gmt":"2021-08-04T10:04:34","slug":"company","status":"publish","type":"page","link":"https:\/\/www.venetanastri.it\/en\/company\/","title":{"rendered":"Company"},"content":{"rendered":"<p>[et_pb_section fb_built=&#8221;1&#8243; fullwidth=&#8221;on&#8221; _builder_version=&#8221;4.4.8&#8243; da_disable_devices=&#8221;off|off|off&#8221; da_is_popup=&#8221;off&#8221; da_exit_intent=&#8221;off&#8221; da_has_close=&#8221;on&#8221; da_alt_close=&#8221;off&#8221; da_dark_close=&#8221;off&#8221; da_not_modal=&#8221;on&#8221; da_is_singular=&#8221;off&#8221; da_with_loader=&#8221;off&#8221; da_has_shadow=&#8221;on&#8221;][et_pb_fullwidth_post_title meta=&#8221;off&#8221; featured_image=&#8221;off&#8221; _builder_version=&#8221;4.4.8&#8243; title_font=&#8221;|||on|||||&#8221; title_text_align=&#8221;center&#8221; title_text_color=&#8221;#274177&#8243; title_font_size=&#8221;30px&#8221; background_color=&#8221;#D5DDE3&#8243; custom_margin=&#8221;0px||0px||false|false&#8221; custom_padding=&#8221;40px||30px||false|false&#8221;][\/et_pb_fullwidth_post_title][\/et_pb_section][et_pb_section fb_built=&#8221;1&#8243; _builder_version=&#8221;3.22&#8243; da_disable_devices=&#8221;off|off|off&#8221; da_is_popup=&#8221;off&#8221; da_exit_intent=&#8221;off&#8221; da_has_close=&#8221;on&#8221; da_alt_close=&#8221;off&#8221; da_dark_close=&#8221;off&#8221; da_not_modal=&#8221;on&#8221; da_is_singular=&#8221;off&#8221; da_with_loader=&#8221;off&#8221; da_has_shadow=&#8221;on&#8221;][et_pb_row make_equal=&#8221;on&#8221; _builder_version=&#8221;4.4.8&#8243; background_size=&#8221;initial&#8221; background_position=&#8221;top_left&#8221; background_repeat=&#8221;repeat&#8221; custom_margin=&#8221;0px||0px||false|false&#8221; custom_padding=&#8221;0px||0px||false|false&#8221;][et_pb_column type=&#8221;4_4&#8243; _builder_version=&#8221;4.3.3&#8243; custom_padding=&#8221;50px||50px||true|false&#8221; custom_padding__hover=&#8221;|||&#8221;][et_pb_text _builder_version=&#8221;4.4.8&#8243; header_3_text_align=&#8221;center&#8221; header_3_text_color=&#8221;#274177&#8243; header_3_font_size=&#8221;30px&#8221; hover_enabled=&#8221;0&#8243;]<\/p>\n<h3>More than 250,000 tons of product transformed every year<\/h3>\n<p>[\/et_pb_text][\/et_pb_column][\/et_pb_row][et_pb_row column_structure=&#8221;2_5,3_5&#8243; _builder_version=&#8221;4.4.8&#8243;][et_pb_column type=&#8221;2_5&#8243; _builder_version=&#8221;4.4.8&#8243;][et_pb_image src=&#8221;https:\/\/www.venetanastri.it\/wp-content\/uploads\/sites\/15\/2021\/03\/azienda-01.jpg&#8221; title_text=&#8221;azienda-01&#8243; _builder_version=&#8221;4.4.8&#8243;][\/et_pb_image][\/et_pb_column][et_pb_column type=&#8221;3_5&#8243; _builder_version=&#8221;4.4.8&#8243;][et_pb_text _builder_version=&#8221;4.4.8&#8243; background_size=&#8221;initial&#8221; background_position=&#8221;top_left&#8221; background_repeat=&#8221;repeat&#8221; hover_enabled=&#8221;0&#8243;]<\/p>\n<p>Veneta Nastri S.p.A. has been operating in the Italian trade and\u00a0processing of steel products since 1976.<\/p>\n<p>It is highly experienced and specialised in the production of strips and\u00a0sheets levelled and cut to length. It has an important logistic system\u00a0consisting of 3 production plants, 2 warehouses for storing the raw\u00a0material and railway sidings totalling a covered area of ca. 30,000 sq.m.\u00a0<span style=\"font-size: 16px;\">The company\u2019s production capacity is about 250,000 tonnes per year\u00a0achieved thanks to a modern production system with ongoing important\u00a0investments to improve its production capacity, manufacturing grade\u00a0and safety.<\/span><\/p>\n<p>Veneta Nastri S.p.A. provides the widest range of steel products such\u00a0as black and pickled hot-rolled, cold-rolled, hot galvanised, electrogalvanised,\u00a0pre-painted, aluminised, aluzinc coated steel in the different\u00a0types of common steels, structural steels, high yield strength steel and\u00a0cold forming steel.<\/p>\n<p>The high degree of specialisation and expertise in the steel sheet has\u00a0enabled Veneta Nastri to become over the years a major partner for\u00a0demanding sectors such as household appliance and the automotive\u00a0industry.<br \/><span style=\"font-size: 16px;\">Moreover, by taking advantage of the partnership with Voestalpine, the\u00a0product with organic coating (pre-painted) comes in a wide range of\u00a0colours and protections (peelable film) making the company an industry\u00a0leader in the Italian market.<\/span><\/p>\n<p>The company\u2019s grade management system is UNI EN ISO 9001 certified.<\/p>\n<p>[\/et_pb_text][\/et_pb_column][\/et_pb_row][\/et_pb_section]<\/p>\n","protected":false},"excerpt":{"rendered":"<p>More than 250,000 tons of product transformed every year Veneta Nastri S.p.A. has been operating in the Italian trade and\u00a0processing of steel products since 1976. It is highly experienced and specialised in the production of strips and\u00a0sheets levelled and cut to length. It has an important logistic system\u00a0consisting of 3 production plants, 2 warehouses for [&hellip;]<\/p>\n","protected":false},"author":3,"featured_media":0,"parent":0,"menu_order":0,"comment_status":"open","ping_status":"closed","template":"","meta":{"_et_pb_use_builder":"on","_et_pb_old_content":"[pjc_slideshow slide_type='azienda'] \r\n\r\nVeneta Nastri S.p.A. \u00e8 presente nel panorama italiano del commercio e della trasformazione dei prodotti siderurgici piani dal 1976.\r\n\r\nOffre un\u2019elevata esperienza e specializzazione nella produzione di nastri e di lamiere spianate. Dispone di un importante impianto logistico costituito da 3 stabilimenti produttivi, 2 magazzini per lo stoccaggio della materia prima e svincolo ferroviario per un totale di circa 30.000 mq coperti. La capacit\u00e0 produttiva dell\u2019azienda \u00e8 di circa 300.000 tonnellate annue raggiunte grazie ad un moderno sistema produttivo oggetto con continuit\u00e0 di importanti investimenti per migliorarne le capacit\u00e0 produttiva, la qualit\u00e0 della lavorazione e la sicurezza.\r\n\r\nVeneta Nastri S.p.A. fornisce la pi\u00f9 ampia gamma di prodotti siderurgici piani quali laminati piani a caldo neri e decapati, laminati a freddo, zincati a caldo, elettrozincati, preverniciati, alluminiati, rivestiti in aluzinc nelle diverse tipologie di acciai comuni, strutturali, ad alto limite elastico e da stampaggio a freddo.\r\nL\u2019elevato grado di specializzazione e competenza sulla lamiera hanno permesso negli anni a Veneta Nastri di diventare un partner importante per settori particolarmente esigenti come l\u2018industria dell\u2019elettrodomestico e dell\u2019automobile.\r\n\r\nSfruttando inoltre la partnership con Voestalpine il prodotto con rivestimento organico (preverniciato), viene fornito in un\u2019ampia gamma di colori e protezioni (film pelabili), rendendo l\u2019azienda leader del settore per il mercato italiano.\r\n\r\nIl sistema aziendale di gestione per la qualit\u00e0 \u00e8 certificato secondo la norma UNI EN ISO 9001","_et_gb_content_width":"","inline_featured_image":false},"_links":{"self":[{"href":"https:\/\/www.venetanastri.it\/en\/wp-json\/wp\/v2\/pages\/2477"}],"collection":[{"href":"https:\/\/www.venetanastri.it\/en\/wp-json\/wp\/v2\/pages"}],"about":[{"href":"https:\/\/www.venetanastri.it\/en\/wp-json\/wp\/v2\/types\/page"}],"author":[{"embeddable":true,"href":"https:\/\/www.venetanastri.it\/en\/wp-json\/wp\/v2\/users\/3"}],"replies":[{"embeddable":true,"href":"https:\/\/www.venetanastri.it\/en\/wp-json\/wp\/v2\/comments?post=2477"}],"version-history":[{"count":2,"href":"https:\/\/www.venetanastri.it\/en\/wp-json\/wp\/v2\/pages\/2477\/revisions"}],"predecessor-version":[{"id":2482,"href":"https:\/\/www.venetanastri.it\/en\/wp-json\/wp\/v2\/pages\/2477\/revisions\/2482"}],"wp:attachment":[{"href":"https:\/\/www.venetanastri.it\/en\/wp-json\/wp\/v2\/media?parent=2477"}],"curies":[{"name":"wp","href":"https:\/\/api.w.org\/{rel}","templated":true}]}}